{"id":3643,"date":"2024-12-04T15:48:37","date_gmt":"2024-12-04T12:48:37","guid":{"rendered":"https:\/\/new.citygrillgroup.ro\/?page_id=3643"},"modified":"2024-12-04T15:48:37","modified_gmt":"2024-12-04T12:48:37","slug":"sustenabiliate","status":"publish","type":"page","link":"https:\/\/citygrillgroup.ro\/en\/sustenabiliate\/","title":{"rendered":"Sustenabiliate"},"content":{"rendered":"<div class=\"fusion-fullwidth fullwidth-box fusion-builder-row-1 fusion-flex-container has-pattern-background has-mask-background nonhundred-percent-fullwidth non-hundred-percent-height-scrolling\" style=\"--awb-border-radius-top-left:0px;--awb-border-radius-top-right:0px;--awb-border-radius-bottom-right:0px;--awb-border-radius-bottom-left:0px;--awb-flex-wrap:wrap;\" ><div class=\"fusion-builder-row fusion-row fusion-flex-align-items-flex-start fusion-flex-content-wrap\" style=\"max-width:1372.8px;margin-left: calc(-4% \/ 2 );margin-right: calc(-4% \/ 2 );\"><div class=\"fusion-layout-column fusion_builder_column fusion-builder-column-0 fusion_builder_column_1_1 1_1 fusion-flex-column\" style=\"--awb-bg-size:cover;--awb-width-large:100%;--awb-margin-top-large:0px;--awb-spacing-right-large:1.92%;--awb-margin-bottom-large:20px;--awb-spacing-left-large:1.92%;--awb-width-medium:100%;--awb-order-medium:0;--awb-spacing-right-medium:1.92%;--awb-spacing-left-medium:1.92%;--awb-width-small:100%;--awb-order-small:0;--awb-spacing-right-small:1.92%;--awb-spacing-left-small:1.92%;\"><div class=\"fusion-column-wrapper fusion-column-has-shadow fusion-flex-justify-content-flex-start fusion-content-layout-column\"><div class=\"fusion-text fusion-text-1\"><div class=\"title-home\">\n<h1 class=\"text-uppercase darktext\" style=\"text-align: center;\">Sustenabiliate<\/h1>\n<\/div>\n<div class=\"paragraf article\">\n<p>City Grill Group \u00ee\u0219i confirm\u0103 angajamentul de a contribui la atingerea obiectivelor de sustenabilitate la nivel global. Astfel, este afirmat\u0103 responsabilitatea unui brand recunoscut la nivel na\u021bional, de a se implica \u00een mod direct \u00een \u00eembun\u0103t\u0103\u021birea ac\u021biunilor climatice ale domeniului de lucru HoReCa. Demersurile realizate \u00een aceast\u0103 direc\u021bie sunt esen\u021biale pentru durabilitatea mediului dar \u0219i c\u0103tre o via\u021b\u0103 s\u0103n\u0103toas\u0103.<\/p>\n<p>Prin introducerea meniului digital \u00een toamna anului 2021, compania se dezvolt\u0103 \u00een direc\u021bia unui sistem de lucru paperless, care contribuie semnificativ la reducerea cantit\u0103\u021bilor de h\u00e2rtie folosit\u0103. Gogoo este noul osp\u0103tar al City Grill, partenerul principal c\u0103tre o desf\u0103\u0219urarea sustenabil\u0103, disponibil pe mesele tuturor loca\u021biilor. Prin intermediul platformei, clien\u021bii au posibilitatea de a scana, de a comanda produsele dorite \u0219i chiar de a pl\u0103ti direct, f\u0103r\u0103 a r\u0103sfoi un meniu printat. Prin accesarea osp\u0103tarului virtual sau a meniului online din aplica\u021bia Out4Food, fiecare client este angrenat \u00een acest proces \u0219i astfel, cu to\u021bii contribuim la salvarea planetei.<\/p>\n<p>\u201cNe propunem s\u0103 continu\u0103m demersurile necesare \u00een ceea ce prive\u0219te sustenabilitatea. Prin aceste ac\u021biuni, nu numai c\u0103 vom \u00eembun\u0103t\u0103\u021bi statisticile ecologice, ci urm\u0103rim \u0219i s\u0103 model\u0103m comportamentele \u0219i atitudinile oamenilor, \u00eencep\u00e2nd cu echipele interne \u0219i continu\u00e2nd cu cele din mediul extern. Urm\u0103toarea contribu\u021bie adus\u0103 de City Grill durabilit\u0103\u021bii mediului const\u0103 \u00een instalarea panourilor fotovoltaice \u00een loca\u021biile care permit acest lucru, p\u00e2n\u0103 la finalul verii\u201d, a declarant Drago\u0219 Petrescu, fondator City Grill Group.<\/p>\n<p>Un alt proiect care faciliteaz\u0103 implementarea m\u0103surilor sustenabile \u00een toate loca\u021biile City Grill \u00ee\u0219i propune instalarea robine\u021bilor economici, cu un timp de func\u021bionare de 30 de secunde de la pornire. Totodat\u0103, se vor implementa \u0219i senzori de lumin\u0103, pentru utilizarea surselor de electricitate strict atunci c\u00e2nd este necesar.<\/p>\n<p>\u00cen plus, se contribuie la reducerea emisiilor de dioxid de carbon generate de autovehicule, prin folosirea ma\u0219inilor cu motor electric la nivelul de Top Management al companiei. Astfel, sunt \u021bintite obiective relevante \u00een timp, care vor dezvolta treptat un stil de lucru sustenabil. \u00cenc\u0103 este \u00een derulare procesul de achizi\u021bionare a ma\u0219inilor hybrid\/ electrice pentru toate departamentele de lucru. Pentru a \u00eembina s\u0103n\u0103tatea \u0219i durabilitatea, legumele folosite \u00een buc\u0103t\u0103riile City Grill sunt procurate de la furnizori locali. Niciunul dintre preparate nu con\u021bine conservan\u021bi, lucru care pozi\u021bioneaz\u0103 calitatea produselor \u0219i s\u0103n\u0103tatea clien\u021bilor \u00een topul priorit\u0103\u021bilor.<\/p>\n<p>Plasticul este unul dintre subiectele de interes \u00een ceea ce prive\u0219te poluarea, motiv pentru care ambalajele pe care le folose\u0219te compania pentru b\u0103uturi sunt confec\u021bionate \u00een totalitate din sticl\u0103, care este \u0219i ea supus\u0103 unui proces de reciclare selectiv\u0103. Cartonul, uleiul, plasticul, metalul \u0219i alte de\u0219euri \u00eent\u00e2lnite \u00een componen\u021ba obiectelor folosite \u00een cadrul companiei sunt atent selec\u021bionate \u0219i trimise c\u0103tre reciclare. \u00cen acest fel, acceler\u0103m ambalarea corespunz\u0103toare \u0219i \u00eencepem procesul de modelare a comportamentelor.<\/p>\n<p>Pe l\u00e2ng\u0103 responsabilitatea pentru protejarea mediului, City Grill Group \u00ee\u0219i concentreaz\u0103 efortul \u0219i resursele \u0219i asupra dezvolt\u0103rii sociale, prin programe de tipul \u0218coala Dual\u0103. \u00cen anul 2018 a \u00eenceput colaborarea cu cei de la Colegiul Tehnic \u201dMihai Bravu\u201d, prin \u00eenfiin\u021barea a dou\u0103 clase cu specializ\u0103rile osp\u0103tar \u0219i buc\u0103tar. City Grill ofer\u0103 uniforme de practic\u0103 \u0219i o burs\u0103 atribuit\u0103 pe baza performan\u021belor stabilite. Ulterior, \u00een 2021, c\u00e2nd cele dou\u0103 clase au promovat, o parte dintre elevi au fost angaja\u021bi \u00een cadrul companiei. Acum, programul continu\u0103 cu o singur\u0103 clas\u0103 mixt\u0103, form\u00e2nd \u0219i ajut\u00e2nd o nou\u0103 genera\u021bie de angaja\u021bi.<\/p>\n<\/div>\n<\/div><\/div><\/div><\/div><\/div>","protected":false},"excerpt":{"rendered":"","protected":false},"author":1,"featured_media":0,"parent":0,"menu_order":0,"comment_status":"closed","ping_status":"closed","template":"100-width.php","meta":{"_acf_changed":false,"inline_featured_image":false,"footnotes":""},"class_list":["post-3643","page","type-page","status-publish","hentry"],"acf":[],"yoast_head":"<!-- This site is optimized with the Yoast SEO plugin v27.3 - https:\/\/yoast.com\/product\/yoast-seo-wordpress\/ -->\n<title>Sustenabiliate - City Grill Group<\/title>\n<meta name=\"robots\" content=\"index, follow, max-snippet:-1, max-image-preview:large, max-video-preview:-1\" \/>\n<link rel=\"canonical\" href=\"https:\/\/citygrillgroup.ro\/en\/sustenabiliate\/\" \/>\n<meta property=\"og:locale\" content=\"en_US\" \/>\n<meta property=\"og:type\" content=\"article\" \/>\n<meta property=\"og:title\" content=\"Sustenabiliate - City Grill Group\" \/>\n<meta property=\"og:url\" content=\"https:\/\/citygrillgroup.ro\/en\/sustenabiliate\/\" \/>\n<meta property=\"og:site_name\" content=\"City Grill Group\" \/>\n<meta name=\"twitter:card\" content=\"summary_large_image\" \/>\n<meta name=\"twitter:label1\" content=\"Est. reading time\" \/>\n\t<meta name=\"twitter:data1\" content=\"6 minutes\" \/>\n<script type=\"application\/ld+json\" class=\"yoast-schema-graph\">{\"@context\":\"https:\\\/\\\/schema.org\",\"@graph\":[{\"@type\":\"WebPage\",\"@id\":\"https:\\\/\\\/citygrillgroup.ro\\\/sustenabiliate\\\/\",\"url\":\"https:\\\/\\\/citygrillgroup.ro\\\/sustenabiliate\\\/\",\"name\":\"Sustenabiliate - City Grill Group\",\"isPartOf\":{\"@id\":\"https:\\\/\\\/citygrillgroup.ro\\\/#website\"},\"datePublished\":\"2024-12-04T12:48:37+00:00\",\"breadcrumb\":{\"@id\":\"https:\\\/\\\/citygrillgroup.ro\\\/sustenabiliate\\\/#breadcrumb\"},\"inLanguage\":\"en-US\",\"potentialAction\":[{\"@type\":\"ReadAction\",\"target\":[\"https:\\\/\\\/citygrillgroup.ro\\\/sustenabiliate\\\/\"]}]},{\"@type\":\"BreadcrumbList\",\"@id\":\"https:\\\/\\\/citygrillgroup.ro\\\/sustenabiliate\\\/#breadcrumb\",\"itemListElement\":[{\"@type\":\"ListItem\",\"position\":1,\"name\":\"Home\",\"item\":\"https:\\\/\\\/citygrillgroup.ro\\\/\"},{\"@type\":\"ListItem\",\"position\":2,\"name\":\"Sustenabiliate\"}]},{\"@type\":\"WebSite\",\"@id\":\"https:\\\/\\\/citygrillgroup.ro\\\/#website\",\"url\":\"https:\\\/\\\/citygrillgroup.ro\\\/\",\"name\":\"City Grill Group\",\"description\":\"\",\"potentialAction\":[{\"@type\":\"SearchAction\",\"target\":{\"@type\":\"EntryPoint\",\"urlTemplate\":\"https:\\\/\\\/citygrillgroup.ro\\\/?s={search_term_string}\"},\"query-input\":{\"@type\":\"PropertyValueSpecification\",\"valueRequired\":true,\"valueName\":\"search_term_string\"}}],\"inLanguage\":\"en-US\"}]}<\/script>\n<!-- \/ Yoast SEO plugin. -->","yoast_head_json":{"title":"Sustenabiliate - City Grill Group","robots":{"index":"index","follow":"follow","max-snippet":"max-snippet:-1","max-image-preview":"max-image-preview:large","max-video-preview":"max-video-preview:-1"},"canonical":"https:\/\/citygrillgroup.ro\/en\/sustenabiliate\/","og_locale":"en_US","og_type":"article","og_title":"Sustenabiliate - City Grill Group","og_url":"https:\/\/citygrillgroup.ro\/en\/sustenabiliate\/","og_site_name":"City Grill Group","twitter_card":"summary_large_image","twitter_misc":{"Est. reading time":"6 minutes"},"schema":{"@context":"https:\/\/schema.org","@graph":[{"@type":"WebPage","@id":"https:\/\/citygrillgroup.ro\/sustenabiliate\/","url":"https:\/\/citygrillgroup.ro\/sustenabiliate\/","name":"Sustenabiliate - City Grill Group","isPartOf":{"@id":"https:\/\/citygrillgroup.ro\/#website"},"datePublished":"2024-12-04T12:48:37+00:00","breadcrumb":{"@id":"https:\/\/citygrillgroup.ro\/sustenabiliate\/#breadcrumb"},"inLanguage":"en-US","potentialAction":[{"@type":"ReadAction","target":["https:\/\/citygrillgroup.ro\/sustenabiliate\/"]}]},{"@type":"BreadcrumbList","@id":"https:\/\/citygrillgroup.ro\/sustenabiliate\/#breadcrumb","itemListElement":[{"@type":"ListItem","position":1,"name":"Home","item":"https:\/\/citygrillgroup.ro\/"},{"@type":"ListItem","position":2,"name":"Sustenabiliate"}]},{"@type":"WebSite","@id":"https:\/\/citygrillgroup.ro\/#website","url":"https:\/\/citygrillgroup.ro\/","name":"City Grill Group","description":"","potentialAction":[{"@type":"SearchAction","target":{"@type":"EntryPoint","urlTemplate":"https:\/\/citygrillgroup.ro\/?s={search_term_string}"},"query-input":{"@type":"PropertyValueSpecification","valueRequired":true,"valueName":"search_term_string"}}],"inLanguage":"en-US"}]}},"_links":{"self":[{"href":"https:\/\/citygrillgroup.ro\/en\/wp-json\/wp\/v2\/pages\/3643","targetHints":{"allow":["GET"]}}],"collection":[{"href":"https:\/\/citygrillgroup.ro\/en\/wp-json\/wp\/v2\/pages"}],"about":[{"href":"https:\/\/citygrillgroup.ro\/en\/wp-json\/wp\/v2\/types\/page"}],"author":[{"embeddable":true,"href":"https:\/\/citygrillgroup.ro\/en\/wp-json\/wp\/v2\/users\/1"}],"replies":[{"embeddable":true,"href":"https:\/\/citygrillgroup.ro\/en\/wp-json\/wp\/v2\/comments?post=3643"}],"version-history":[{"count":4,"href":"https:\/\/citygrillgroup.ro\/en\/wp-json\/wp\/v2\/pages\/3643\/revisions"}],"predecessor-version":[{"id":3647,"href":"https:\/\/citygrillgroup.ro\/en\/wp-json\/wp\/v2\/pages\/3643\/revisions\/3647"}],"wp:attachment":[{"href":"https:\/\/citygrillgroup.ro\/en\/wp-json\/wp\/v2\/media?parent=3643"}],"curies":[{"name":"wp","href":"https:\/\/api.w.org\/{rel}","templated":true}]}}