{"id":3477,"date":"2024-10-22T13:15:05","date_gmt":"2024-10-22T10:15:05","guid":{"rendered":"https:\/\/new.citygrillgroup.ro\/?page_id=3477"},"modified":"2025-04-25T00:16:01","modified_gmt":"2025-04-24T21:16:01","slug":"cookies","status":"publish","type":"page","link":"https:\/\/citygrillgroup.ro\/en\/cookies\/","title":{"rendered":"Cookies"},"content":{"rendered":"<div class=\"fusion-fullwidth fullwidth-box fusion-builder-row-1 fusion-flex-container has-pattern-background has-mask-background nonhundred-percent-fullwidth non-hundred-percent-height-scrolling\" style=\"--awb-border-radius-top-left:0px;--awb-border-radius-top-right:0px;--awb-border-radius-bottom-right:0px;--awb-border-radius-bottom-left:0px;--awb-flex-wrap:wrap;\" ><div class=\"fusion-builder-row fusion-row fusion-flex-align-items-flex-start fusion-flex-content-wrap\" style=\"max-width:1372.8px;margin-left: calc(-4% \/ 2 );margin-right: calc(-4% \/ 2 );\"><div class=\"fusion-layout-column fusion_builder_column fusion-builder-column-0 fusion_builder_column_1_1 1_1 fusion-flex-column\" style=\"--awb-bg-size:cover;--awb-width-large:100%;--awb-margin-top-large:0px;--awb-spacing-right-large:1.92%;--awb-margin-bottom-large:20px;--awb-spacing-left-large:1.92%;--awb-width-medium:100%;--awb-order-medium:0;--awb-spacing-right-medium:1.92%;--awb-spacing-left-medium:1.92%;--awb-width-small:100%;--awb-order-small:0;--awb-spacing-right-small:1.92%;--awb-spacing-left-small:1.92%;\"><div class=\"fusion-column-wrapper fusion-column-has-shadow fusion-flex-justify-content-flex-start fusion-content-layout-column\"><div class=\"fusion-text fusion-text-1\"><div class=\"title-home\">\n<h1 class=\"text-uppercase darktext\" style=\"text-align: center;\">COOKIES<\/h1>\n<\/div>\n<div class=\"paragraf article\">\n<p style=\"text-align: center;\">Aceast\u0103 politic\u0103 se refer\u0103 la cookie-urile \u0219i paginile web operate de Grupul City Grill cu sediul social \u00een Bdul. Pache Protopopescu, nr 51, etaj 2, sector 2, Bucure\u0219ti.<\/p>\n<p><script id=\"CookieDeclaration\" src=\"https:\/\/consent.cookiebot.com\/4e5abd82-7373-491b-94a6-dfb44d74c520\/cd.js\" type=\"text\/javascript\" async><\/script><\/p>\n<\/div>\n<\/div><\/div><\/div><\/div><\/div>","protected":false},"excerpt":{"rendered":"","protected":false},"author":4,"featured_media":0,"parent":0,"menu_order":0,"comment_status":"closed","ping_status":"closed","template":"100-width.php","meta":{"_acf_changed":false,"inline_featured_image":false,"footnotes":""},"class_list":["post-3477","page","type-page","status-publish","hentry"],"acf":[],"yoast_head":"<!-- This site is optimized with the Yoast SEO plugin v27.3 - https:\/\/yoast.com\/product\/yoast-seo-wordpress\/ -->\n<title>Cookies - City Grill Group<\/title>\n<meta name=\"robots\" content=\"index, follow, max-snippet:-1, max-image-preview:large, max-video-preview:-1\" \/>\n<link rel=\"canonical\" href=\"https:\/\/citygrillgroup.ro\/en\/cookies\/\" \/>\n<meta property=\"og:locale\" content=\"en_US\" \/>\n<meta property=\"og:type\" content=\"article\" \/>\n<meta property=\"og:title\" content=\"Cookies - City Grill Group\" \/>\n<meta property=\"og:url\" content=\"https:\/\/citygrillgroup.ro\/en\/cookies\/\" \/>\n<meta property=\"og:site_name\" content=\"City Grill Group\" \/>\n<meta property=\"article:modified_time\" content=\"2025-04-24T21:16:01+00:00\" \/>\n<meta name=\"twitter:card\" content=\"summary_large_image\" \/>\n<meta name=\"twitter:label1\" content=\"Est. reading time\" \/>\n\t<meta name=\"twitter:data1\" content=\"1 minute\" \/>\n<script type=\"application\/ld+json\" class=\"yoast-schema-graph\">{\"@context\":\"https:\\\/\\\/schema.org\",\"@graph\":[{\"@type\":\"WebPage\",\"@id\":\"https:\\\/\\\/citygrillgroup.ro\\\/cookies\\\/\",\"url\":\"https:\\\/\\\/citygrillgroup.ro\\\/cookies\\\/\",\"name\":\"Cookies - City Grill Group\",\"isPartOf\":{\"@id\":\"https:\\\/\\\/citygrillgroup.ro\\\/#website\"},\"datePublished\":\"2024-10-22T10:15:05+00:00\",\"dateModified\":\"2025-04-24T21:16:01+00:00\",\"breadcrumb\":{\"@id\":\"https:\\\/\\\/citygrillgroup.ro\\\/cookies\\\/#breadcrumb\"},\"inLanguage\":\"en-US\",\"potentialAction\":[{\"@type\":\"ReadAction\",\"target\":[\"https:\\\/\\\/citygrillgroup.ro\\\/cookies\\\/\"]}]},{\"@type\":\"BreadcrumbList\",\"@id\":\"https:\\\/\\\/citygrillgroup.ro\\\/cookies\\\/#breadcrumb\",\"itemListElement\":[{\"@type\":\"ListItem\",\"position\":1,\"name\":\"Home\",\"item\":\"https:\\\/\\\/citygrillgroup.ro\\\/\"},{\"@type\":\"ListItem\",\"position\":2,\"name\":\"Cookies\"}]},{\"@type\":\"WebSite\",\"@id\":\"https:\\\/\\\/citygrillgroup.ro\\\/#website\",\"url\":\"https:\\\/\\\/citygrillgroup.ro\\\/\",\"name\":\"City Grill Group\",\"description\":\"\",\"potentialAction\":[{\"@type\":\"SearchAction\",\"target\":{\"@type\":\"EntryPoint\",\"urlTemplate\":\"https:\\\/\\\/citygrillgroup.ro\\\/?s={search_term_string}\"},\"query-input\":{\"@type\":\"PropertyValueSpecification\",\"valueRequired\":true,\"valueName\":\"search_term_string\"}}],\"inLanguage\":\"en-US\"}]}<\/script>\n<!-- \/ Yoast SEO plugin. -->","yoast_head_json":{"title":"Cookies - City Grill Group","robots":{"index":"index","follow":"follow","max-snippet":"max-snippet:-1","max-image-preview":"max-image-preview:large","max-video-preview":"max-video-preview:-1"},"canonical":"https:\/\/citygrillgroup.ro\/en\/cookies\/","og_locale":"en_US","og_type":"article","og_title":"Cookies - City Grill Group","og_url":"https:\/\/citygrillgroup.ro\/en\/cookies\/","og_site_name":"City Grill Group","article_modified_time":"2025-04-24T21:16:01+00:00","twitter_card":"summary_large_image","twitter_misc":{"Est. reading time":"1 minute"},"schema":{"@context":"https:\/\/schema.org","@graph":[{"@type":"WebPage","@id":"https:\/\/citygrillgroup.ro\/cookies\/","url":"https:\/\/citygrillgroup.ro\/cookies\/","name":"Cookies - City Grill Group","isPartOf":{"@id":"https:\/\/citygrillgroup.ro\/#website"},"datePublished":"2024-10-22T10:15:05+00:00","dateModified":"2025-04-24T21:16:01+00:00","breadcrumb":{"@id":"https:\/\/citygrillgroup.ro\/cookies\/#breadcrumb"},"inLanguage":"en-US","potentialAction":[{"@type":"ReadAction","target":["https:\/\/citygrillgroup.ro\/cookies\/"]}]},{"@type":"BreadcrumbList","@id":"https:\/\/citygrillgroup.ro\/cookies\/#breadcrumb","itemListElement":[{"@type":"ListItem","position":1,"name":"Home","item":"https:\/\/citygrillgroup.ro\/"},{"@type":"ListItem","position":2,"name":"Cookies"}]},{"@type":"WebSite","@id":"https:\/\/citygrillgroup.ro\/#website","url":"https:\/\/citygrillgroup.ro\/","name":"City Grill Group","description":"","potentialAction":[{"@type":"SearchAction","target":{"@type":"EntryPoint","urlTemplate":"https:\/\/citygrillgroup.ro\/?s={search_term_string}"},"query-input":{"@type":"PropertyValueSpecification","valueRequired":true,"valueName":"search_term_string"}}],"inLanguage":"en-US"}]}},"_links":{"self":[{"href":"https:\/\/citygrillgroup.ro\/en\/wp-json\/wp\/v2\/pages\/3477","targetHints":{"allow":["GET"]}}],"collection":[{"href":"https:\/\/citygrillgroup.ro\/en\/wp-json\/wp\/v2\/pages"}],"about":[{"href":"https:\/\/citygrillgroup.ro\/en\/wp-json\/wp\/v2\/types\/page"}],"author":[{"embeddable":true,"href":"https:\/\/citygrillgroup.ro\/en\/wp-json\/wp\/v2\/users\/4"}],"replies":[{"embeddable":true,"href":"https:\/\/citygrillgroup.ro\/en\/wp-json\/wp\/v2\/comments?post=3477"}],"version-history":[{"count":2,"href":"https:\/\/citygrillgroup.ro\/en\/wp-json\/wp\/v2\/pages\/3477\/revisions"}],"predecessor-version":[{"id":3793,"href":"https:\/\/citygrillgroup.ro\/en\/wp-json\/wp\/v2\/pages\/3477\/revisions\/3793"}],"wp:attachment":[{"href":"https:\/\/citygrillgroup.ro\/en\/wp-json\/wp\/v2\/media?parent=3477"}],"curies":[{"name":"wp","href":"https:\/\/api.w.org\/{rel}","templated":true}]}}